{"id":1420,"date":"2022-09-15T16:16:15","date_gmt":"2022-09-15T14:16:15","guid":{"rendered":"https:\/\/www.vitaactiva.ch\/baignoires-assises-avec-porte\/palma\/"},"modified":"2023-06-27T12:20:04","modified_gmt":"2023-06-27T10:20:04","slug":"palma","status":"publish","type":"page","link":"https:\/\/www.vitaactiva.ch\/fr\/baignoires-assises-avec-porte\/palma\/","title":{"rendered":"Baignoire \u00e0 porte lat\u00e9rale \u00ab Palma 119 \u00bb"},"content":{"rendered":"<div id=\"cs-content\" class=\"cs-content\"><\/div>\n","protected":false},"excerpt":{"rendered":"<p>Baignoire \u00e0 porte lat\u00e9rale \u00ab Palma 119 \u00bbBaignoire tr\u00e8s confortable avec libert\u00e9 de mouvement pour les jambes et la prise de douche Acc\u00e8s lat\u00e9ral, porte s&rsquo;ouvrant vers l&rsquo;int\u00e9rieur Si\u00e8ge et sol antid\u00e9rapants Mati\u00e8re plastique renforc\u00e9e par des fibre de verre Fabrication avec technologie antimicrobienne Porte au choix \u00e0 droite ou \u00e0 gauche En option Robinetterie thermostatique Paroi de douche Chauffage &#8230; <a href=\"https:\/\/www.vitaactiva.ch\/fr\/baignoires-assises-avec-porte\/palma\/\" class=\"more-link\">Read More<\/a><\/p>\n","protected":false},"author":1,"featured_media":0,"parent":839,"menu_order":0,"comment_status":"closed","ping_status":"closed","template":"template-layout-full-width.php","meta":{"footnotes":""},"class_list":["post-1420","page","type-page","status-publish","hentry","no-post-thumbnail"],"yoast_head":"<!-- This site is optimized with the Yoast SEO plugin v27.4 - https:\/\/yoast.com\/product\/yoast-seo-wordpress\/ -->\n<title>Baignoire \u00e0 porte lat\u00e9rale \u00ab Palma 119 \u00bb - VitaActiva AG<\/title>\n<meta name=\"robots\" content=\"index, follow, max-snippet:-1, max-image-preview:large, max-video-preview:-1\" \/>\n<link rel=\"canonical\" href=\"https:\/\/www.vitaactiva.ch\/fr\/baignoires-assises-avec-porte\/palma\/\" \/>\n<meta property=\"og:locale\" content=\"fr_FR\" \/>\n<meta property=\"og:type\" content=\"article\" \/>\n<meta property=\"og:title\" content=\"Baignoire \u00e0 porte lat\u00e9rale \u00ab Palma 119 \u00bb - VitaActiva AG\" \/>\n<meta property=\"og:description\" content=\"Baignoire \u00e0 porte lat\u00e9rale \u00ab Palma 119 \u00bbBaignoire tr\u00e8s confortable avec libert\u00e9 de mouvement pour les jambes et la prise de douche Acc\u00e8s lat\u00e9ral, porte s&#039;ouvrant vers l&#039;int\u00e9rieur Si\u00e8ge et sol antid\u00e9rapants Mati\u00e8re plastique renforc\u00e9e par des fibre de verre Fabrication avec technologie antimicrobienne Porte au choix \u00e0 droite ou \u00e0 gauche En option Robinetterie thermostatique Paroi de douche Chauffage ... Read More\" \/>\n<meta property=\"og:url\" content=\"https:\/\/www.vitaactiva.ch\/fr\/baignoires-assises-avec-porte\/palma\/\" \/>\n<meta property=\"og:site_name\" content=\"VitaActiva AG\" \/>\n<meta property=\"article:modified_time\" content=\"2023-06-27T10:20:04+00:00\" \/>\n<meta name=\"twitter:card\" content=\"summary_large_image\" \/>\n<script type=\"application\/ld+json\" class=\"yoast-schema-graph\">{\"@context\":\"https:\\\/\\\/schema.org\",\"@graph\":[{\"@type\":\"WebPage\",\"@id\":\"https:\\\/\\\/www.vitaactiva.ch\\\/fr\\\/baignoires-assises-avec-porte\\\/palma\\\/\",\"url\":\"https:\\\/\\\/www.vitaactiva.ch\\\/fr\\\/baignoires-assises-avec-porte\\\/palma\\\/\",\"name\":\"Baignoire \u00e0 porte lat\u00e9rale \u00ab Palma 119 \u00bb - VitaActiva AG\",\"isPartOf\":{\"@id\":\"https:\\\/\\\/www.vitaactiva.ch\\\/#website\"},\"datePublished\":\"2022-09-15T14:16:15+00:00\",\"dateModified\":\"2023-06-27T10:20:04+00:00\",\"breadcrumb\":{\"@id\":\"https:\\\/\\\/www.vitaactiva.ch\\\/fr\\\/baignoires-assises-avec-porte\\\/palma\\\/#breadcrumb\"},\"inLanguage\":\"fr-FR\",\"potentialAction\":[{\"@type\":\"ReadAction\",\"target\":[\"https:\\\/\\\/www.vitaactiva.ch\\\/fr\\\/baignoires-assises-avec-porte\\\/palma\\\/\"]}]},{\"@type\":\"BreadcrumbList\",\"@id\":\"https:\\\/\\\/www.vitaactiva.ch\\\/fr\\\/baignoires-assises-avec-porte\\\/palma\\\/#breadcrumb\",\"itemListElement\":[{\"@type\":\"ListItem\",\"position\":1,\"name\":\"Home\",\"item\":\"https:\\\/\\\/www.vitaactiva.ch\\\/fr\\\/home\\\/\"},{\"@type\":\"ListItem\",\"position\":2,\"name\":\"Baignoires assises avec porte\",\"item\":\"https:\\\/\\\/www.vitaactiva.ch\\\/fr\\\/baignoires-assises-avec-porte\\\/\"},{\"@type\":\"ListItem\",\"position\":3,\"name\":\"Baignoire \u00e0 porte lat\u00e9rale \u00ab Palma 119 \u00bb\"}]},{\"@type\":\"WebSite\",\"@id\":\"https:\\\/\\\/www.vitaactiva.ch\\\/#website\",\"url\":\"https:\\\/\\\/www.vitaactiva.ch\\\/\",\"name\":\"VitaActiva AG\",\"description\":\"Hersteller von Sitzbadewannen mit T\u00fcr\",\"publisher\":{\"@id\":\"https:\\\/\\\/www.vitaactiva.ch\\\/#organization\"},\"potentialAction\":[{\"@type\":\"SearchAction\",\"target\":{\"@type\":\"EntryPoint\",\"urlTemplate\":\"https:\\\/\\\/www.vitaactiva.ch\\\/?s={search_term_string}\"},\"query-input\":{\"@type\":\"PropertyValueSpecification\",\"valueRequired\":true,\"valueName\":\"search_term_string\"}}],\"inLanguage\":\"fr-FR\"},{\"@type\":\"Organization\",\"@id\":\"https:\\\/\\\/www.vitaactiva.ch\\\/#organization\",\"name\":\"VitaActiva AG\",\"url\":\"https:\\\/\\\/www.vitaactiva.ch\\\/\",\"logo\":{\"@type\":\"ImageObject\",\"inLanguage\":\"fr-FR\",\"@id\":\"https:\\\/\\\/www.vitaactiva.ch\\\/#\\\/schema\\\/logo\\\/image\\\/\",\"url\":\"https:\\\/\\\/www.vitaactiva.ch\\\/wp-content\\\/uploads\\\/vitaactiva-logo.png\",\"contentUrl\":\"https:\\\/\\\/www.vitaactiva.ch\\\/wp-content\\\/uploads\\\/vitaactiva-logo.png\",\"width\":160,\"height\":100,\"caption\":\"VitaActiva AG\"},\"image\":{\"@id\":\"https:\\\/\\\/www.vitaactiva.ch\\\/#\\\/schema\\\/logo\\\/image\\\/\"}}]}<\/script>\n<!-- \/ Yoast SEO plugin. -->","yoast_head_json":{"title":"Baignoire \u00e0 porte lat\u00e9rale \u00ab Palma 119 \u00bb - VitaActiva AG","robots":{"index":"index","follow":"follow","max-snippet":"max-snippet:-1","max-image-preview":"max-image-preview:large","max-video-preview":"max-video-preview:-1"},"canonical":"https:\/\/www.vitaactiva.ch\/fr\/baignoires-assises-avec-porte\/palma\/","og_locale":"fr_FR","og_type":"article","og_title":"Baignoire \u00e0 porte lat\u00e9rale \u00ab Palma 119 \u00bb - VitaActiva AG","og_description":"Baignoire \u00e0 porte lat\u00e9rale \u00ab Palma 119 \u00bbBaignoire tr\u00e8s confortable avec libert\u00e9 de mouvement pour les jambes et la prise de douche Acc\u00e8s lat\u00e9ral, porte s'ouvrant vers l'int\u00e9rieur Si\u00e8ge et sol antid\u00e9rapants Mati\u00e8re plastique renforc\u00e9e par des fibre de verre Fabrication avec technologie antimicrobienne Porte au choix \u00e0 droite ou \u00e0 gauche En option Robinetterie thermostatique Paroi de douche Chauffage ... Read More","og_url":"https:\/\/www.vitaactiva.ch\/fr\/baignoires-assises-avec-porte\/palma\/","og_site_name":"VitaActiva AG","article_modified_time":"2023-06-27T10:20:04+00:00","twitter_card":"summary_large_image","schema":{"@context":"https:\/\/schema.org","@graph":[{"@type":"WebPage","@id":"https:\/\/www.vitaactiva.ch\/fr\/baignoires-assises-avec-porte\/palma\/","url":"https:\/\/www.vitaactiva.ch\/fr\/baignoires-assises-avec-porte\/palma\/","name":"Baignoire \u00e0 porte lat\u00e9rale \u00ab Palma 119 \u00bb - VitaActiva AG","isPartOf":{"@id":"https:\/\/www.vitaactiva.ch\/#website"},"datePublished":"2022-09-15T14:16:15+00:00","dateModified":"2023-06-27T10:20:04+00:00","breadcrumb":{"@id":"https:\/\/www.vitaactiva.ch\/fr\/baignoires-assises-avec-porte\/palma\/#breadcrumb"},"inLanguage":"fr-FR","potentialAction":[{"@type":"ReadAction","target":["https:\/\/www.vitaactiva.ch\/fr\/baignoires-assises-avec-porte\/palma\/"]}]},{"@type":"BreadcrumbList","@id":"https:\/\/www.vitaactiva.ch\/fr\/baignoires-assises-avec-porte\/palma\/#breadcrumb","itemListElement":[{"@type":"ListItem","position":1,"name":"Home","item":"https:\/\/www.vitaactiva.ch\/fr\/home\/"},{"@type":"ListItem","position":2,"name":"Baignoires assises avec porte","item":"https:\/\/www.vitaactiva.ch\/fr\/baignoires-assises-avec-porte\/"},{"@type":"ListItem","position":3,"name":"Baignoire \u00e0 porte lat\u00e9rale \u00ab Palma 119 \u00bb"}]},{"@type":"WebSite","@id":"https:\/\/www.vitaactiva.ch\/#website","url":"https:\/\/www.vitaactiva.ch\/","name":"VitaActiva AG","description":"Hersteller von Sitzbadewannen mit T\u00fcr","publisher":{"@id":"https:\/\/www.vitaactiva.ch\/#organization"},"potentialAction":[{"@type":"SearchAction","target":{"@type":"EntryPoint","urlTemplate":"https:\/\/www.vitaactiva.ch\/?s={search_term_string}"},"query-input":{"@type":"PropertyValueSpecification","valueRequired":true,"valueName":"search_term_string"}}],"inLanguage":"fr-FR"},{"@type":"Organization","@id":"https:\/\/www.vitaactiva.ch\/#organization","name":"VitaActiva AG","url":"https:\/\/www.vitaactiva.ch\/","logo":{"@type":"ImageObject","inLanguage":"fr-FR","@id":"https:\/\/www.vitaactiva.ch\/#\/schema\/logo\/image\/","url":"https:\/\/www.vitaactiva.ch\/wp-content\/uploads\/vitaactiva-logo.png","contentUrl":"https:\/\/www.vitaactiva.ch\/wp-content\/uploads\/vitaactiva-logo.png","width":160,"height":100,"caption":"VitaActiva AG"},"image":{"@id":"https:\/\/www.vitaactiva.ch\/#\/schema\/logo\/image\/"}}]}},"_links":{"self":[{"href":"https:\/\/www.vitaactiva.ch\/fr\/wp-json\/wp\/v2\/pages\/1420","targetHints":{"allow":["GET"]}}],"collection":[{"href":"https:\/\/www.vitaactiva.ch\/fr\/wp-json\/wp\/v2\/pages"}],"about":[{"href":"https:\/\/www.vitaactiva.ch\/fr\/wp-json\/wp\/v2\/types\/page"}],"author":[{"embeddable":true,"href":"https:\/\/www.vitaactiva.ch\/fr\/wp-json\/wp\/v2\/users\/1"}],"replies":[{"embeddable":true,"href":"https:\/\/www.vitaactiva.ch\/fr\/wp-json\/wp\/v2\/comments?post=1420"}],"version-history":[{"count":4,"href":"https:\/\/www.vitaactiva.ch\/fr\/wp-json\/wp\/v2\/pages\/1420\/revisions"}],"predecessor-version":[{"id":1724,"href":"https:\/\/www.vitaactiva.ch\/fr\/wp-json\/wp\/v2\/pages\/1420\/revisions\/1724"}],"up":[{"embeddable":true,"href":"https:\/\/www.vitaactiva.ch\/fr\/wp-json\/wp\/v2\/pages\/839"}],"wp:attachment":[{"href":"https:\/\/www.vitaactiva.ch\/fr\/wp-json\/wp\/v2\/media?parent=1420"}],"curies":[{"name":"wp","href":"https:\/\/api.w.org\/{rel}","templated":true}]}}