{"id":807,"date":"2018-11-29T10:03:10","date_gmt":"2018-11-29T09:03:10","guid":{"rendered":"http:\/\/www.vitaactiva.ch\/?page_id=807"},"modified":"2022-05-31T10:11:19","modified_gmt":"2022-05-31T08:11:19","slug":"protection-des-donnees","status":"publish","type":"page","link":"https:\/\/www.vitaactiva.ch\/fr\/protection-des-donnees\/","title":{"rendered":"Protection des donn\u00e9es"},"content":{"rendered":"<h2>Protection des donn\u00e9es<\/h2>\n<p>L\u2019art. 13 de la Constitution f\u00e9d\u00e9rale et les dispositions l\u00e9gales de la Conf\u00e9d\u00e9ration suisse sur la protection des donn\u00e9es disposent que toute personne a droit \u00e0 la protection de sa sph\u00e8re priv\u00e9e ainsi qu\u2019\u00e0 la protection contre l&#8217;emploi abusif des donn\u00e9es qui la concernent. Les autorit\u00e9s f\u00e9d\u00e9rales observent strictement ces dispositions. Les donn\u00e9es personnelles sont trait\u00e9es de fa\u00e7on parfaitement confidentielle et ne sont ni vendues, ni transmises \u00e0 des tiers.<\/p>\n<p>Nous nous effor\u00e7ons, en collaboration \u00e9troite avec nos h\u00e9bergeurs, de prot\u00e9ger au mieux possible nos banques de donn\u00e9es des intrusions externes, des pertes, du mauvais usage et de la falsification.<\/p>\n<h2>Cookies<\/h2>\n<p>Dans certains cas, nous utilisons des cookies. Un cookie est un petit fichier qui est envoy\u00e9 par le serveur web \u00e0 votre navigateur Internet et enregistr\u00e9 sur votre ordinateur. Ainsi nous sommes en mesure de vous reconna\u00eetre lors de votre prochaine visite.<\/p>\n<p>Des cookies et des techniques comparables sont \u00e9galement employ\u00e9s pour permettre certains processus, prestations et transactions, par exemple lorsque vous utilisez un panier virtuel dans une boutique \u00e9lectronique en ligne. Vous pouvez r\u00e9gler votre navigateur de mani\u00e8re \u00e0 ce qu\u2019un avertissement apparaisse sur l\u2019\u00e9cran avant l\u2019enregistrement d\u2019un cookie ou \u00e0 ce qu\u2019il soit impossible d\u2019enregistrer les cookies.<\/p>\n<p>Vous pouvez r\u00e9gler votre navigateur de mani\u00e8re \u00e0 emp\u00eacher l\u2019installation des cookies; dans ce cas, toutefois, il est possible que vous ne puissiez pas utiliser toutes les fonctions de ce site Internet.<\/p>\n<h2>Hosting Provider &amp; Server-LogFiles<\/h2>\n<p>Der Provider der Seiten erhebt und speichert automatisch Informationen in so genannten\u00a0Server-Log Files, die Ihr Browser automatisch an uns \u00fcbermittelt. Dies sind:<\/p>\n<ul>\n<li>IP-Adresse<\/li>\n<li>Browsertyp und Browserversion<\/li>\n<li>verwendetes Betriebssystem<\/li>\n<li>Referrer URL<\/li>\n<li>Hostname des zugreifenden Rechners<\/li>\n<li>Uhrzeit der Serveranfrage<\/li>\n<\/ul>\n<p>Diese Daten sind nicht direkt bestimmten Personen zuordenbar. Eine Zusammenf\u00fchrung dieser Daten mit anderen Datenquellen wird nicht vorgenommen. Wir behalten uns vor, diese Daten nachtr\u00e4glich zu pr\u00fcfen, wenn uns konkrete Anhaltspunkte f\u00fcr eine rechtswidrige Nutzung bekannt\u00a0werden.<\/p>\n<p>Diese Daten sowie alle Daten dieser Website werden bei unserem Hosting-Provider METANET AG,\u00a0Hardstrasse 235,\u00a0CH-8005 Z\u00fcrich gespeichert, deren Datenschutzerkl\u00e4rung Sie <a href=\"https:\/\/www.metanet.ch\/about_metanet\/rechtliches\" target=\"_blank\" rel=\"noopener\">hier finden<\/a>.<\/p>\n<h2>SSL-Verschl\u00fcsselung<\/h2>\n<p>Diese Seite nutzt aus Gr\u00fcnden der Sicherheit und zum Schutz der \u00dcbertragung vertraulicher Inhalte, wie zum Beispiel der Anfragen, die Sie an uns als Seitenbetreiber senden, eine <a href=\"https:\/\/8020webdesign.ch\/ssl-zertifikat-https-tls\/\">SSL-Verschl\u00fcsselung<\/a>. Eine verschl\u00fcsselte Verbindung erkennen Sie daran, dass die Adresszeile des Browsers von \u00ab\u00a0http:\/\/\u00a0\u00bb auf \u00ab\u00a0https:\/\/\u00a0\u00bb wechselt und an dem Schloss-Symbol in Ihrer Browserzeile.<\/p>\n<p>Wenn die SSL Verschl\u00fcsselung aktiviert ist, k\u00f6nnen die Daten, die Sie an uns \u00fcbermitteln, nicht von Dritten mitgelesen werden.<\/p>\n<h2>Kontaktformular<\/h2>\n<p>Wenn Sie uns per Kontaktformular Anfragen zukommen lassen, werden Ihre Angaben aus dem Anfrageformular inklusive der von Ihnen dort angegebenen Kontaktdaten inklusive IP-Adresse zwecks Bearbeitung der Anfrage und f\u00fcr den Fall von Anschlussfragen bei uns gespeichert. Diese Daten geben wir nicht ohne Ihre Einwilligung weiter.<\/p>\n<h2>Google Fonts<\/h2>\n<p>Auf dieser Website werden Google Fonts genutzt. Gem\u00e4ss unseres Wissens werden dabei keine pers\u00f6nlichen Daten durch Google gespeichert.<\/p>\n<p>Dazu muss aber aus technischen Gr\u00fcnden Ihre IP-Adresse an Google \u00fcbermittelt werden, damit die Schriftarten an Ihren Browser \u00fcbertragen werden k\u00f6nnen.<\/p>\n<p>Mehr Informationen von Google zu Google Fonts k\u00f6nnen Sie\u00a0<a href=\"https:\/\/developers.google.com\/fonts\/faq#what_does_using_the_google_fonts_api_mean_for_the_privacy_of_my_users\" target=\"_blank\" rel=\"noopener\">hier einsehen<\/a>.<\/p>\n<h2>Recht auf Auskunft, L\u00f6schung, Sperrung<\/h2>\n<p>Sie haben jederzeit das Recht auf unentgeltliche Auskunft \u00fcber Ihre gespeicherten personenbezogenen Daten, deren Herkunft und Empf\u00e4nger und den Zweck der Datenverarbeitung sowie ein Recht auf Berichtigung, Sperrung oder L\u00f6schung dieser Daten. Hierzu sowie zu weiteren Fragen zum Thema personenbezogene Daten k\u00f6nnen Sie sich jederzeit unter der im <a href=\"https:\/\/www.vitaactiva.ch\/impressum\/\">Impressum<\/a> angegebenen Adresse an uns wenden.<\/p>\n","protected":false},"excerpt":{"rendered":"<p>Protection des donn\u00e9es L\u2019art. 13 de la Constitution f\u00e9d\u00e9rale et les dispositions l\u00e9gales de la Conf\u00e9d\u00e9ration suisse sur la protection des donn\u00e9es disposent que toute personne a droit \u00e0 la protection de sa sph\u00e8re priv\u00e9e ainsi qu\u2019\u00e0 la protection contre l&#8217;emploi abusif des donn\u00e9es qui la concernent. Les autorit\u00e9s f\u00e9d\u00e9rales observent strictement ces dispositions. Les donn\u00e9es personnelles sont trait\u00e9es de &#8230; <a href=\"https:\/\/www.vitaactiva.ch\/fr\/protection-des-donnees\/\" class=\"more-link\">Read More<\/a><\/p>\n","protected":false},"author":1,"featured_media":0,"parent":0,"menu_order":0,"comment_status":"closed","ping_status":"closed","template":"","meta":{"footnotes":""},"class_list":["post-807","page","type-page","status-publish","hentry","no-post-thumbnail"],"yoast_head":"<!-- This site is optimized with the Yoast SEO plugin v27.4 - https:\/\/yoast.com\/product\/yoast-seo-wordpress\/ -->\n<title>Protection des donn\u00e9es - VitaActiva AG<\/title>\n<meta name=\"robots\" content=\"index, follow, max-snippet:-1, max-image-preview:large, max-video-preview:-1\" \/>\n<link rel=\"canonical\" href=\"https:\/\/www.vitaactiva.ch\/fr\/protection-des-donnees\/\" \/>\n<meta property=\"og:locale\" content=\"fr_FR\" \/>\n<meta property=\"og:type\" content=\"article\" \/>\n<meta property=\"og:title\" content=\"Protection des donn\u00e9es - VitaActiva AG\" \/>\n<meta property=\"og:description\" content=\"Protection des donn\u00e9es L\u2019art. 13 de la Constitution f\u00e9d\u00e9rale et les dispositions l\u00e9gales de la Conf\u00e9d\u00e9ration suisse sur la protection des donn\u00e9es disposent que toute personne a droit \u00e0 la protection de sa sph\u00e8re priv\u00e9e ainsi qu\u2019\u00e0 la protection contre l&#8217;emploi abusif des donn\u00e9es qui la concernent. Les autorit\u00e9s f\u00e9d\u00e9rales observent strictement ces dispositions. Les donn\u00e9es personnelles sont trait\u00e9es de ... Read More\" \/>\n<meta property=\"og:url\" content=\"https:\/\/www.vitaactiva.ch\/fr\/protection-des-donnees\/\" \/>\n<meta property=\"og:site_name\" content=\"VitaActiva AG\" \/>\n<meta property=\"article:modified_time\" content=\"2022-05-31T08:11:19+00:00\" \/>\n<meta name=\"twitter:card\" content=\"summary_large_image\" \/>\n<meta name=\"twitter:label1\" content=\"Dur\u00e9e de lecture estim\u00e9e\" \/>\n\t<meta name=\"twitter:data1\" content=\"3 minutes\" \/>\n<script type=\"application\/ld+json\" class=\"yoast-schema-graph\">{\"@context\":\"https:\\\/\\\/schema.org\",\"@graph\":[{\"@type\":\"WebPage\",\"@id\":\"https:\\\/\\\/www.vitaactiva.ch\\\/fr\\\/protection-des-donnees\\\/\",\"url\":\"https:\\\/\\\/www.vitaactiva.ch\\\/fr\\\/protection-des-donnees\\\/\",\"name\":\"Protection des donn\u00e9es - VitaActiva AG\",\"isPartOf\":{\"@id\":\"https:\\\/\\\/www.vitaactiva.ch\\\/#website\"},\"datePublished\":\"2018-11-29T09:03:10+00:00\",\"dateModified\":\"2022-05-31T08:11:19+00:00\",\"breadcrumb\":{\"@id\":\"https:\\\/\\\/www.vitaactiva.ch\\\/fr\\\/protection-des-donnees\\\/#breadcrumb\"},\"inLanguage\":\"fr-FR\",\"potentialAction\":[{\"@type\":\"ReadAction\",\"target\":[\"https:\\\/\\\/www.vitaactiva.ch\\\/fr\\\/protection-des-donnees\\\/\"]}]},{\"@type\":\"BreadcrumbList\",\"@id\":\"https:\\\/\\\/www.vitaactiva.ch\\\/fr\\\/protection-des-donnees\\\/#breadcrumb\",\"itemListElement\":[{\"@type\":\"ListItem\",\"position\":1,\"name\":\"Home\",\"item\":\"https:\\\/\\\/www.vitaactiva.ch\\\/fr\\\/home\\\/\"},{\"@type\":\"ListItem\",\"position\":2,\"name\":\"Protection des donn\u00e9es\"}]},{\"@type\":\"WebSite\",\"@id\":\"https:\\\/\\\/www.vitaactiva.ch\\\/#website\",\"url\":\"https:\\\/\\\/www.vitaactiva.ch\\\/\",\"name\":\"VitaActiva AG\",\"description\":\"Hersteller von Sitzbadewannen mit T\u00fcr\",\"publisher\":{\"@id\":\"https:\\\/\\\/www.vitaactiva.ch\\\/#organization\"},\"potentialAction\":[{\"@type\":\"SearchAction\",\"target\":{\"@type\":\"EntryPoint\",\"urlTemplate\":\"https:\\\/\\\/www.vitaactiva.ch\\\/?s={search_term_string}\"},\"query-input\":{\"@type\":\"PropertyValueSpecification\",\"valueRequired\":true,\"valueName\":\"search_term_string\"}}],\"inLanguage\":\"fr-FR\"},{\"@type\":\"Organization\",\"@id\":\"https:\\\/\\\/www.vitaactiva.ch\\\/#organization\",\"name\":\"VitaActiva AG\",\"url\":\"https:\\\/\\\/www.vitaactiva.ch\\\/\",\"logo\":{\"@type\":\"ImageObject\",\"inLanguage\":\"fr-FR\",\"@id\":\"https:\\\/\\\/www.vitaactiva.ch\\\/#\\\/schema\\\/logo\\\/image\\\/\",\"url\":\"https:\\\/\\\/www.vitaactiva.ch\\\/wp-content\\\/uploads\\\/vitaactiva-logo.png\",\"contentUrl\":\"https:\\\/\\\/www.vitaactiva.ch\\\/wp-content\\\/uploads\\\/vitaactiva-logo.png\",\"width\":160,\"height\":100,\"caption\":\"VitaActiva AG\"},\"image\":{\"@id\":\"https:\\\/\\\/www.vitaactiva.ch\\\/#\\\/schema\\\/logo\\\/image\\\/\"}}]}<\/script>\n<!-- \/ Yoast SEO plugin. -->","yoast_head_json":{"title":"Protection des donn\u00e9es - VitaActiva AG","robots":{"index":"index","follow":"follow","max-snippet":"max-snippet:-1","max-image-preview":"max-image-preview:large","max-video-preview":"max-video-preview:-1"},"canonical":"https:\/\/www.vitaactiva.ch\/fr\/protection-des-donnees\/","og_locale":"fr_FR","og_type":"article","og_title":"Protection des donn\u00e9es - VitaActiva AG","og_description":"Protection des donn\u00e9es L\u2019art. 13 de la Constitution f\u00e9d\u00e9rale et les dispositions l\u00e9gales de la Conf\u00e9d\u00e9ration suisse sur la protection des donn\u00e9es disposent que toute personne a droit \u00e0 la protection de sa sph\u00e8re priv\u00e9e ainsi qu\u2019\u00e0 la protection contre l&#8217;emploi abusif des donn\u00e9es qui la concernent. Les autorit\u00e9s f\u00e9d\u00e9rales observent strictement ces dispositions. Les donn\u00e9es personnelles sont trait\u00e9es de ... Read More","og_url":"https:\/\/www.vitaactiva.ch\/fr\/protection-des-donnees\/","og_site_name":"VitaActiva AG","article_modified_time":"2022-05-31T08:11:19+00:00","twitter_card":"summary_large_image","twitter_misc":{"Dur\u00e9e de lecture estim\u00e9e":"3 minutes"},"schema":{"@context":"https:\/\/schema.org","@graph":[{"@type":"WebPage","@id":"https:\/\/www.vitaactiva.ch\/fr\/protection-des-donnees\/","url":"https:\/\/www.vitaactiva.ch\/fr\/protection-des-donnees\/","name":"Protection des donn\u00e9es - VitaActiva AG","isPartOf":{"@id":"https:\/\/www.vitaactiva.ch\/#website"},"datePublished":"2018-11-29T09:03:10+00:00","dateModified":"2022-05-31T08:11:19+00:00","breadcrumb":{"@id":"https:\/\/www.vitaactiva.ch\/fr\/protection-des-donnees\/#breadcrumb"},"inLanguage":"fr-FR","potentialAction":[{"@type":"ReadAction","target":["https:\/\/www.vitaactiva.ch\/fr\/protection-des-donnees\/"]}]},{"@type":"BreadcrumbList","@id":"https:\/\/www.vitaactiva.ch\/fr\/protection-des-donnees\/#breadcrumb","itemListElement":[{"@type":"ListItem","position":1,"name":"Home","item":"https:\/\/www.vitaactiva.ch\/fr\/home\/"},{"@type":"ListItem","position":2,"name":"Protection des donn\u00e9es"}]},{"@type":"WebSite","@id":"https:\/\/www.vitaactiva.ch\/#website","url":"https:\/\/www.vitaactiva.ch\/","name":"VitaActiva AG","description":"Hersteller von Sitzbadewannen mit T\u00fcr","publisher":{"@id":"https:\/\/www.vitaactiva.ch\/#organization"},"potentialAction":[{"@type":"SearchAction","target":{"@type":"EntryPoint","urlTemplate":"https:\/\/www.vitaactiva.ch\/?s={search_term_string}"},"query-input":{"@type":"PropertyValueSpecification","valueRequired":true,"valueName":"search_term_string"}}],"inLanguage":"fr-FR"},{"@type":"Organization","@id":"https:\/\/www.vitaactiva.ch\/#organization","name":"VitaActiva AG","url":"https:\/\/www.vitaactiva.ch\/","logo":{"@type":"ImageObject","inLanguage":"fr-FR","@id":"https:\/\/www.vitaactiva.ch\/#\/schema\/logo\/image\/","url":"https:\/\/www.vitaactiva.ch\/wp-content\/uploads\/vitaactiva-logo.png","contentUrl":"https:\/\/www.vitaactiva.ch\/wp-content\/uploads\/vitaactiva-logo.png","width":160,"height":100,"caption":"VitaActiva AG"},"image":{"@id":"https:\/\/www.vitaactiva.ch\/#\/schema\/logo\/image\/"}}]}},"_links":{"self":[{"href":"https:\/\/www.vitaactiva.ch\/fr\/wp-json\/wp\/v2\/pages\/807","targetHints":{"allow":["GET"]}}],"collection":[{"href":"https:\/\/www.vitaactiva.ch\/fr\/wp-json\/wp\/v2\/pages"}],"about":[{"href":"https:\/\/www.vitaactiva.ch\/fr\/wp-json\/wp\/v2\/types\/page"}],"author":[{"embeddable":true,"href":"https:\/\/www.vitaactiva.ch\/fr\/wp-json\/wp\/v2\/users\/1"}],"replies":[{"embeddable":true,"href":"https:\/\/www.vitaactiva.ch\/fr\/wp-json\/wp\/v2\/comments?post=807"}],"version-history":[{"count":5,"href":"https:\/\/www.vitaactiva.ch\/fr\/wp-json\/wp\/v2\/pages\/807\/revisions"}],"predecessor-version":[{"id":1333,"href":"https:\/\/www.vitaactiva.ch\/fr\/wp-json\/wp\/v2\/pages\/807\/revisions\/1333"}],"wp:attachment":[{"href":"https:\/\/www.vitaactiva.ch\/fr\/wp-json\/wp\/v2\/media?parent=807"}],"curies":[{"name":"wp","href":"https:\/\/api.w.org\/{rel}","templated":true}]}}