{"id":830,"date":"2018-12-17T13:58:46","date_gmt":"2018-12-17T12:58:46","guid":{"rendered":"http:\/\/www.vitaactiva.ch\/?page_id=830"},"modified":"2018-12-20T11:45:15","modified_gmt":"2018-12-20T10:45:15","slug":"mentions-legales","status":"publish","type":"page","link":"https:\/\/www.vitaactiva.ch\/fr\/mentions-legales\/","title":{"rendered":"Mentions l\u00e9gales"},"content":{"rendered":"<p>VitaActiva AG<br \/>\nBaarerstrasse 78<br \/>\n6300 Zoug<br \/>\nSuisse<\/p>\n<p>T\u00e9l : <a href=\"tel:+41417278039\">+41 41 727 80 39<\/a><br \/>\nFax : +41 41 727 80 91<br \/>\nE-mail : <a href=\"mailto:info@vitaactiva.ch\">info@vitaactiva.ch<\/a><\/p>\n<p>CHE-101.810.373 MWST<\/p>\n<p>Conception \u2013 R\u00e9alisation du site:\u00a0<a href=\"https:\/\/8020webdesign.ch\" target=\"_blank\" rel=\"noopener noreferrer\">80\/20 Webdesign &amp; SEO Webagentur<\/a><\/p>\n<h2>Clause de non-responsabilit\u00e9<\/h2>\n<p>VitaActiva contr\u00f4le et actualise r\u00e9guli\u00e8rement les informations figurant sur le pr\u00e9sent site Web. En d\u00e9pit de tout le soin apport\u00e9, des donn\u00e9es peuvent avoir chang\u00e9. Aucune responsabilit\u00e9 n\u2019est assum\u00e9e quant \u00e0 l\u2019actualit\u00e9, \u00e0 l\u2019exactitude, \u00e0 l\u2019exhaustivit\u00e9 ou \u00e0 la qualit\u00e9 des informations fournies. De surcro\u00eet, VitaActiva se r\u00e9serve le droit de proc\u00e9der \u00e0 des modifications, des compl\u00e9ments ou l\u2019effacement de tout ou partie des informations fournies.<\/p>\n<p>En d\u00e9pit d\u2019un contr\u00f4le minutieux du contenu, VitaActiva n\u2019assume en outre aucune responsabilit\u00e9 quant au contenu des liens externes. Seuls les exploitants des pages auxquels il est renvoy\u00e9 par des liens sont responsables de leur contenu.<\/p>\n<h2>Copyright<\/h2>\n<p>Les contenus, le design, tous les graphismes, toute s\u00e9lection ou mise en page du pr\u00e9sent site Web sont prot\u00e9g\u00e9s par la l\u00e9gislation sur les droits d\u2019auteur. Tous droits express\u00e9ment r\u00e9serv\u00e9s, notamment le droit de copier, diffuser ou traduire.<\/p>\n<p>Toute reproduction ou utilisation de contenus du pr\u00e9sent site Internet, qu\u2019il s\u2019agisse de textes, de parties de textes, de graphismes ou de ressources iconographiques, dans d\u2019autres publications \u00e9lectroniques ou imprim\u00e9es, est interdite sans l\u2019accord \u00e9crit expr\u00e8s de VitaActiva.<\/p>\n","protected":false},"excerpt":{"rendered":"<p>VitaActiva AG Baarerstrasse 78 6300 Zoug Suisse T\u00e9l : +41 41 727 80 39 Fax : +41 41 727 80 91 E-mail : info@vitaactiva.ch CHE-101.810.373 MWST Conception \u2013 R\u00e9alisation du site:\u00a080\/20 Webdesign &amp; SEO Webagentur Clause de non-responsabilit\u00e9 VitaActiva contr\u00f4le et actualise r\u00e9guli\u00e8rement les informations figurant sur le pr\u00e9sent site Web. En d\u00e9pit de tout le soin apport\u00e9, des donn\u00e9es &#8230; <a href=\"https:\/\/www.vitaactiva.ch\/fr\/mentions-legales\/\" class=\"more-link\">Read More<\/a><\/p>\n","protected":false},"author":1,"featured_media":0,"parent":0,"menu_order":0,"comment_status":"closed","ping_status":"closed","template":"","meta":{"footnotes":""},"class_list":["post-830","page","type-page","status-publish","hentry","no-post-thumbnail"],"yoast_head":"<!-- This site is optimized with the Yoast SEO plugin v27.4 - https:\/\/yoast.com\/product\/yoast-seo-wordpress\/ -->\n<title>Mentions l\u00e9gales - VitaActiva AG<\/title>\n<meta name=\"robots\" content=\"index, follow, max-snippet:-1, max-image-preview:large, max-video-preview:-1\" \/>\n<link rel=\"canonical\" href=\"https:\/\/www.vitaactiva.ch\/fr\/mentions-legales\/\" \/>\n<meta property=\"og:locale\" content=\"fr_FR\" \/>\n<meta property=\"og:type\" content=\"article\" \/>\n<meta property=\"og:title\" content=\"Mentions l\u00e9gales - VitaActiva AG\" \/>\n<meta property=\"og:description\" content=\"VitaActiva AG Baarerstrasse 78 6300 Zoug Suisse T\u00e9l : +41 41 727 80 39 Fax : +41 41 727 80 91 E-mail : info@vitaactiva.ch CHE-101.810.373 MWST Conception \u2013 R\u00e9alisation du site:\u00a080\/20 Webdesign &amp; SEO Webagentur Clause de non-responsabilit\u00e9 VitaActiva contr\u00f4le et actualise r\u00e9guli\u00e8rement les informations figurant sur le pr\u00e9sent site Web. En d\u00e9pit de tout le soin apport\u00e9, des donn\u00e9es ... Read More\" \/>\n<meta property=\"og:url\" content=\"https:\/\/www.vitaactiva.ch\/fr\/mentions-legales\/\" \/>\n<meta property=\"og:site_name\" content=\"VitaActiva AG\" \/>\n<meta property=\"article:modified_time\" content=\"2018-12-20T10:45:15+00:00\" \/>\n<meta name=\"twitter:card\" content=\"summary_large_image\" \/>\n<meta name=\"twitter:label1\" content=\"Dur\u00e9e de lecture estim\u00e9e\" \/>\n\t<meta name=\"twitter:data1\" content=\"1 minute\" \/>\n<script type=\"application\/ld+json\" class=\"yoast-schema-graph\">{\"@context\":\"https:\\\/\\\/schema.org\",\"@graph\":[{\"@type\":\"WebPage\",\"@id\":\"https:\\\/\\\/www.vitaactiva.ch\\\/fr\\\/mentions-legales\\\/\",\"url\":\"https:\\\/\\\/www.vitaactiva.ch\\\/fr\\\/mentions-legales\\\/\",\"name\":\"Mentions l\u00e9gales - VitaActiva AG\",\"isPartOf\":{\"@id\":\"https:\\\/\\\/www.vitaactiva.ch\\\/#website\"},\"datePublished\":\"2018-12-17T12:58:46+00:00\",\"dateModified\":\"2018-12-20T10:45:15+00:00\",\"breadcrumb\":{\"@id\":\"https:\\\/\\\/www.vitaactiva.ch\\\/fr\\\/mentions-legales\\\/#breadcrumb\"},\"inLanguage\":\"fr-FR\",\"potentialAction\":[{\"@type\":\"ReadAction\",\"target\":[\"https:\\\/\\\/www.vitaactiva.ch\\\/fr\\\/mentions-legales\\\/\"]}]},{\"@type\":\"BreadcrumbList\",\"@id\":\"https:\\\/\\\/www.vitaactiva.ch\\\/fr\\\/mentions-legales\\\/#breadcrumb\",\"itemListElement\":[{\"@type\":\"ListItem\",\"position\":1,\"name\":\"Home\",\"item\":\"https:\\\/\\\/www.vitaactiva.ch\\\/fr\\\/home\\\/\"},{\"@type\":\"ListItem\",\"position\":2,\"name\":\"Mentions l\u00e9gales\"}]},{\"@type\":\"WebSite\",\"@id\":\"https:\\\/\\\/www.vitaactiva.ch\\\/#website\",\"url\":\"https:\\\/\\\/www.vitaactiva.ch\\\/\",\"name\":\"VitaActiva AG\",\"description\":\"Hersteller von Sitzbadewannen mit T\u00fcr\",\"publisher\":{\"@id\":\"https:\\\/\\\/www.vitaactiva.ch\\\/#organization\"},\"potentialAction\":[{\"@type\":\"SearchAction\",\"target\":{\"@type\":\"EntryPoint\",\"urlTemplate\":\"https:\\\/\\\/www.vitaactiva.ch\\\/?s={search_term_string}\"},\"query-input\":{\"@type\":\"PropertyValueSpecification\",\"valueRequired\":true,\"valueName\":\"search_term_string\"}}],\"inLanguage\":\"fr-FR\"},{\"@type\":\"Organization\",\"@id\":\"https:\\\/\\\/www.vitaactiva.ch\\\/#organization\",\"name\":\"VitaActiva AG\",\"url\":\"https:\\\/\\\/www.vitaactiva.ch\\\/\",\"logo\":{\"@type\":\"ImageObject\",\"inLanguage\":\"fr-FR\",\"@id\":\"https:\\\/\\\/www.vitaactiva.ch\\\/#\\\/schema\\\/logo\\\/image\\\/\",\"url\":\"https:\\\/\\\/www.vitaactiva.ch\\\/wp-content\\\/uploads\\\/vitaactiva-logo.png\",\"contentUrl\":\"https:\\\/\\\/www.vitaactiva.ch\\\/wp-content\\\/uploads\\\/vitaactiva-logo.png\",\"width\":160,\"height\":100,\"caption\":\"VitaActiva AG\"},\"image\":{\"@id\":\"https:\\\/\\\/www.vitaactiva.ch\\\/#\\\/schema\\\/logo\\\/image\\\/\"}}]}<\/script>\n<!-- \/ Yoast SEO plugin. -->","yoast_head_json":{"title":"Mentions l\u00e9gales - VitaActiva AG","robots":{"index":"index","follow":"follow","max-snippet":"max-snippet:-1","max-image-preview":"max-image-preview:large","max-video-preview":"max-video-preview:-1"},"canonical":"https:\/\/www.vitaactiva.ch\/fr\/mentions-legales\/","og_locale":"fr_FR","og_type":"article","og_title":"Mentions l\u00e9gales - VitaActiva AG","og_description":"VitaActiva AG Baarerstrasse 78 6300 Zoug Suisse T\u00e9l : +41 41 727 80 39 Fax : +41 41 727 80 91 E-mail : info@vitaactiva.ch CHE-101.810.373 MWST Conception \u2013 R\u00e9alisation du site:\u00a080\/20 Webdesign &amp; SEO Webagentur Clause de non-responsabilit\u00e9 VitaActiva contr\u00f4le et actualise r\u00e9guli\u00e8rement les informations figurant sur le pr\u00e9sent site Web. En d\u00e9pit de tout le soin apport\u00e9, des donn\u00e9es ... Read More","og_url":"https:\/\/www.vitaactiva.ch\/fr\/mentions-legales\/","og_site_name":"VitaActiva AG","article_modified_time":"2018-12-20T10:45:15+00:00","twitter_card":"summary_large_image","twitter_misc":{"Dur\u00e9e de lecture estim\u00e9e":"1 minute"},"schema":{"@context":"https:\/\/schema.org","@graph":[{"@type":"WebPage","@id":"https:\/\/www.vitaactiva.ch\/fr\/mentions-legales\/","url":"https:\/\/www.vitaactiva.ch\/fr\/mentions-legales\/","name":"Mentions l\u00e9gales - VitaActiva AG","isPartOf":{"@id":"https:\/\/www.vitaactiva.ch\/#website"},"datePublished":"2018-12-17T12:58:46+00:00","dateModified":"2018-12-20T10:45:15+00:00","breadcrumb":{"@id":"https:\/\/www.vitaactiva.ch\/fr\/mentions-legales\/#breadcrumb"},"inLanguage":"fr-FR","potentialAction":[{"@type":"ReadAction","target":["https:\/\/www.vitaactiva.ch\/fr\/mentions-legales\/"]}]},{"@type":"BreadcrumbList","@id":"https:\/\/www.vitaactiva.ch\/fr\/mentions-legales\/#breadcrumb","itemListElement":[{"@type":"ListItem","position":1,"name":"Home","item":"https:\/\/www.vitaactiva.ch\/fr\/home\/"},{"@type":"ListItem","position":2,"name":"Mentions l\u00e9gales"}]},{"@type":"WebSite","@id":"https:\/\/www.vitaactiva.ch\/#website","url":"https:\/\/www.vitaactiva.ch\/","name":"VitaActiva AG","description":"Hersteller von Sitzbadewannen mit T\u00fcr","publisher":{"@id":"https:\/\/www.vitaactiva.ch\/#organization"},"potentialAction":[{"@type":"SearchAction","target":{"@type":"EntryPoint","urlTemplate":"https:\/\/www.vitaactiva.ch\/?s={search_term_string}"},"query-input":{"@type":"PropertyValueSpecification","valueRequired":true,"valueName":"search_term_string"}}],"inLanguage":"fr-FR"},{"@type":"Organization","@id":"https:\/\/www.vitaactiva.ch\/#organization","name":"VitaActiva AG","url":"https:\/\/www.vitaactiva.ch\/","logo":{"@type":"ImageObject","inLanguage":"fr-FR","@id":"https:\/\/www.vitaactiva.ch\/#\/schema\/logo\/image\/","url":"https:\/\/www.vitaactiva.ch\/wp-content\/uploads\/vitaactiva-logo.png","contentUrl":"https:\/\/www.vitaactiva.ch\/wp-content\/uploads\/vitaactiva-logo.png","width":160,"height":100,"caption":"VitaActiva AG"},"image":{"@id":"https:\/\/www.vitaactiva.ch\/#\/schema\/logo\/image\/"}}]}},"_links":{"self":[{"href":"https:\/\/www.vitaactiva.ch\/fr\/wp-json\/wp\/v2\/pages\/830","targetHints":{"allow":["GET"]}}],"collection":[{"href":"https:\/\/www.vitaactiva.ch\/fr\/wp-json\/wp\/v2\/pages"}],"about":[{"href":"https:\/\/www.vitaactiva.ch\/fr\/wp-json\/wp\/v2\/types\/page"}],"author":[{"embeddable":true,"href":"https:\/\/www.vitaactiva.ch\/fr\/wp-json\/wp\/v2\/users\/1"}],"replies":[{"embeddable":true,"href":"https:\/\/www.vitaactiva.ch\/fr\/wp-json\/wp\/v2\/comments?post=830"}],"version-history":[{"count":7,"href":"https:\/\/www.vitaactiva.ch\/fr\/wp-json\/wp\/v2\/pages\/830\/revisions"}],"predecessor-version":[{"id":925,"href":"https:\/\/www.vitaactiva.ch\/fr\/wp-json\/wp\/v2\/pages\/830\/revisions\/925"}],"wp:attachment":[{"href":"https:\/\/www.vitaactiva.ch\/fr\/wp-json\/wp\/v2\/media?parent=830"}],"curies":[{"name":"wp","href":"https:\/\/api.w.org\/{rel}","templated":true}]}}