{"id":844,"date":"2018-12-17T14:41:43","date_gmt":"2018-12-17T13:41:43","guid":{"rendered":"http:\/\/www.vitaactiva.ch\/?page_id=844"},"modified":"2023-06-27T12:21:49","modified_gmt":"2023-06-27T10:21:49","slug":"menorca","status":"publish","type":"page","link":"https:\/\/www.vitaactiva.ch\/fr\/baignoires-assises-avec-porte\/menorca\/","title":{"rendered":"Baignoire \u00e0 porte frontale \u00ab\u00a0Menorca 98\u00a0\u00bb"},"content":{"rendered":"<div id=\"cs-content\" class=\"cs-content\"><\/div>\n","protected":false},"excerpt":{"rendered":"<p>Baignoire \u00e0 porte frontale \u00ab\u00a0Menorca\u00a098\u00a0\u00bbDesign esth\u00e9tique, convient aussi \u00e0 une salle de bains tr\u00e8s exigue Acc\u00e8s frontale, porte s&rsquo;ouvrant vers l&rsquo;int\u00e9rieur Si\u00e8ge et sol antid\u00e9rapants Mati\u00e8re plastique renforc\u00e9e par des fibre de verre Fabrication avec technologie antimicrobienne Porte \u00e0 gauche En option Robinetterie thermostatique Chauffage de si\u00e8ge Bain \u00e0 remous avec buses de l&rsquo;air Chromotherapie Pour toute question ou un &#8230; <a href=\"https:\/\/www.vitaactiva.ch\/fr\/baignoires-assises-avec-porte\/menorca\/\" class=\"more-link\">Read More<\/a><\/p>\n","protected":false},"author":1,"featured_media":0,"parent":839,"menu_order":0,"comment_status":"closed","ping_status":"closed","template":"template-layout-full-width.php","meta":{"footnotes":""},"class_list":["post-844","page","type-page","status-publish","hentry","no-post-thumbnail"],"yoast_head":"<!-- This site is optimized with the Yoast SEO plugin v27.4 - https:\/\/yoast.com\/product\/yoast-seo-wordpress\/ -->\n<title>Baignoire \u00e0 porte frontale &quot;Menorca 98&quot; - VitaActiva AG<\/title>\n<meta name=\"robots\" content=\"index, follow, max-snippet:-1, max-image-preview:large, max-video-preview:-1\" \/>\n<link rel=\"canonical\" href=\"https:\/\/www.vitaactiva.ch\/fr\/baignoires-assises-avec-porte\/menorca\/\" \/>\n<meta property=\"og:locale\" content=\"fr_FR\" \/>\n<meta property=\"og:type\" content=\"article\" \/>\n<meta property=\"og:title\" content=\"Baignoire \u00e0 porte frontale &quot;Menorca 98&quot; - VitaActiva AG\" \/>\n<meta property=\"og:description\" content=\"Baignoire \u00e0 porte frontale \u00ab\u00a0Menorca\u00a098\u00a0\u00bbDesign esth\u00e9tique, convient aussi \u00e0 une salle de bains tr\u00e8s exigue Acc\u00e8s frontale, porte s&#039;ouvrant vers l&#039;int\u00e9rieur Si\u00e8ge et sol antid\u00e9rapants Mati\u00e8re plastique renforc\u00e9e par des fibre de verre Fabrication avec technologie antimicrobienne Porte \u00e0 gauche En option Robinetterie thermostatique Chauffage de si\u00e8ge Bain \u00e0 remous avec buses de l&#039;air Chromotherapie Pour toute question ou un ... Read More\" \/>\n<meta property=\"og:url\" content=\"https:\/\/www.vitaactiva.ch\/fr\/baignoires-assises-avec-porte\/menorca\/\" \/>\n<meta property=\"og:site_name\" content=\"VitaActiva AG\" \/>\n<meta property=\"article:modified_time\" content=\"2023-06-27T10:21:49+00:00\" \/>\n<meta name=\"twitter:card\" content=\"summary_large_image\" \/>\n<meta name=\"twitter:label1\" content=\"Dur\u00e9e de lecture estim\u00e9e\" \/>\n\t<meta name=\"twitter:data1\" content=\"2 minutes\" \/>\n<script type=\"application\/ld+json\" class=\"yoast-schema-graph\">{\"@context\":\"https:\\\/\\\/schema.org\",\"@graph\":[{\"@type\":\"WebPage\",\"@id\":\"https:\\\/\\\/www.vitaactiva.ch\\\/fr\\\/baignoires-assises-avec-porte\\\/menorca\\\/\",\"url\":\"https:\\\/\\\/www.vitaactiva.ch\\\/fr\\\/baignoires-assises-avec-porte\\\/menorca\\\/\",\"name\":\"Baignoire \u00e0 porte frontale \\\"Menorca 98\\\" - VitaActiva AG\",\"isPartOf\":{\"@id\":\"https:\\\/\\\/www.vitaactiva.ch\\\/#website\"},\"datePublished\":\"2018-12-17T13:41:43+00:00\",\"dateModified\":\"2023-06-27T10:21:49+00:00\",\"breadcrumb\":{\"@id\":\"https:\\\/\\\/www.vitaactiva.ch\\\/fr\\\/baignoires-assises-avec-porte\\\/menorca\\\/#breadcrumb\"},\"inLanguage\":\"fr-FR\",\"potentialAction\":[{\"@type\":\"ReadAction\",\"target\":[\"https:\\\/\\\/www.vitaactiva.ch\\\/fr\\\/baignoires-assises-avec-porte\\\/menorca\\\/\"]}]},{\"@type\":\"BreadcrumbList\",\"@id\":\"https:\\\/\\\/www.vitaactiva.ch\\\/fr\\\/baignoires-assises-avec-porte\\\/menorca\\\/#breadcrumb\",\"itemListElement\":[{\"@type\":\"ListItem\",\"position\":1,\"name\":\"Home\",\"item\":\"https:\\\/\\\/www.vitaactiva.ch\\\/fr\\\/home\\\/\"},{\"@type\":\"ListItem\",\"position\":2,\"name\":\"Baignoires assises avec porte\",\"item\":\"https:\\\/\\\/www.vitaactiva.ch\\\/fr\\\/baignoires-assises-avec-porte\\\/\"},{\"@type\":\"ListItem\",\"position\":3,\"name\":\"Baignoire \u00e0 porte frontale &#8222;Menorca 98&#8220;\"}]},{\"@type\":\"WebSite\",\"@id\":\"https:\\\/\\\/www.vitaactiva.ch\\\/#website\",\"url\":\"https:\\\/\\\/www.vitaactiva.ch\\\/\",\"name\":\"VitaActiva AG\",\"description\":\"Hersteller von Sitzbadewannen mit T\u00fcr\",\"publisher\":{\"@id\":\"https:\\\/\\\/www.vitaactiva.ch\\\/#organization\"},\"potentialAction\":[{\"@type\":\"SearchAction\",\"target\":{\"@type\":\"EntryPoint\",\"urlTemplate\":\"https:\\\/\\\/www.vitaactiva.ch\\\/?s={search_term_string}\"},\"query-input\":{\"@type\":\"PropertyValueSpecification\",\"valueRequired\":true,\"valueName\":\"search_term_string\"}}],\"inLanguage\":\"fr-FR\"},{\"@type\":\"Organization\",\"@id\":\"https:\\\/\\\/www.vitaactiva.ch\\\/#organization\",\"name\":\"VitaActiva AG\",\"url\":\"https:\\\/\\\/www.vitaactiva.ch\\\/\",\"logo\":{\"@type\":\"ImageObject\",\"inLanguage\":\"fr-FR\",\"@id\":\"https:\\\/\\\/www.vitaactiva.ch\\\/#\\\/schema\\\/logo\\\/image\\\/\",\"url\":\"https:\\\/\\\/www.vitaactiva.ch\\\/wp-content\\\/uploads\\\/vitaactiva-logo.png\",\"contentUrl\":\"https:\\\/\\\/www.vitaactiva.ch\\\/wp-content\\\/uploads\\\/vitaactiva-logo.png\",\"width\":160,\"height\":100,\"caption\":\"VitaActiva AG\"},\"image\":{\"@id\":\"https:\\\/\\\/www.vitaactiva.ch\\\/#\\\/schema\\\/logo\\\/image\\\/\"}}]}<\/script>\n<!-- \/ Yoast SEO plugin. -->","yoast_head_json":{"title":"Baignoire \u00e0 porte frontale \"Menorca 98\" - VitaActiva AG","robots":{"index":"index","follow":"follow","max-snippet":"max-snippet:-1","max-image-preview":"max-image-preview:large","max-video-preview":"max-video-preview:-1"},"canonical":"https:\/\/www.vitaactiva.ch\/fr\/baignoires-assises-avec-porte\/menorca\/","og_locale":"fr_FR","og_type":"article","og_title":"Baignoire \u00e0 porte frontale \"Menorca 98\" - VitaActiva AG","og_description":"Baignoire \u00e0 porte frontale \u00ab\u00a0Menorca\u00a098\u00a0\u00bbDesign esth\u00e9tique, convient aussi \u00e0 une salle de bains tr\u00e8s exigue Acc\u00e8s frontale, porte s'ouvrant vers l'int\u00e9rieur Si\u00e8ge et sol antid\u00e9rapants Mati\u00e8re plastique renforc\u00e9e par des fibre de verre Fabrication avec technologie antimicrobienne Porte \u00e0 gauche En option Robinetterie thermostatique Chauffage de si\u00e8ge Bain \u00e0 remous avec buses de l'air Chromotherapie Pour toute question ou un ... Read More","og_url":"https:\/\/www.vitaactiva.ch\/fr\/baignoires-assises-avec-porte\/menorca\/","og_site_name":"VitaActiva AG","article_modified_time":"2023-06-27T10:21:49+00:00","twitter_card":"summary_large_image","twitter_misc":{"Dur\u00e9e de lecture estim\u00e9e":"2 minutes"},"schema":{"@context":"https:\/\/schema.org","@graph":[{"@type":"WebPage","@id":"https:\/\/www.vitaactiva.ch\/fr\/baignoires-assises-avec-porte\/menorca\/","url":"https:\/\/www.vitaactiva.ch\/fr\/baignoires-assises-avec-porte\/menorca\/","name":"Baignoire \u00e0 porte frontale \"Menorca 98\" - VitaActiva AG","isPartOf":{"@id":"https:\/\/www.vitaactiva.ch\/#website"},"datePublished":"2018-12-17T13:41:43+00:00","dateModified":"2023-06-27T10:21:49+00:00","breadcrumb":{"@id":"https:\/\/www.vitaactiva.ch\/fr\/baignoires-assises-avec-porte\/menorca\/#breadcrumb"},"inLanguage":"fr-FR","potentialAction":[{"@type":"ReadAction","target":["https:\/\/www.vitaactiva.ch\/fr\/baignoires-assises-avec-porte\/menorca\/"]}]},{"@type":"BreadcrumbList","@id":"https:\/\/www.vitaactiva.ch\/fr\/baignoires-assises-avec-porte\/menorca\/#breadcrumb","itemListElement":[{"@type":"ListItem","position":1,"name":"Home","item":"https:\/\/www.vitaactiva.ch\/fr\/home\/"},{"@type":"ListItem","position":2,"name":"Baignoires assises avec porte","item":"https:\/\/www.vitaactiva.ch\/fr\/baignoires-assises-avec-porte\/"},{"@type":"ListItem","position":3,"name":"Baignoire \u00e0 porte frontale &#8222;Menorca 98&#8220;"}]},{"@type":"WebSite","@id":"https:\/\/www.vitaactiva.ch\/#website","url":"https:\/\/www.vitaactiva.ch\/","name":"VitaActiva AG","description":"Hersteller von Sitzbadewannen mit T\u00fcr","publisher":{"@id":"https:\/\/www.vitaactiva.ch\/#organization"},"potentialAction":[{"@type":"SearchAction","target":{"@type":"EntryPoint","urlTemplate":"https:\/\/www.vitaactiva.ch\/?s={search_term_string}"},"query-input":{"@type":"PropertyValueSpecification","valueRequired":true,"valueName":"search_term_string"}}],"inLanguage":"fr-FR"},{"@type":"Organization","@id":"https:\/\/www.vitaactiva.ch\/#organization","name":"VitaActiva AG","url":"https:\/\/www.vitaactiva.ch\/","logo":{"@type":"ImageObject","inLanguage":"fr-FR","@id":"https:\/\/www.vitaactiva.ch\/#\/schema\/logo\/image\/","url":"https:\/\/www.vitaactiva.ch\/wp-content\/uploads\/vitaactiva-logo.png","contentUrl":"https:\/\/www.vitaactiva.ch\/wp-content\/uploads\/vitaactiva-logo.png","width":160,"height":100,"caption":"VitaActiva AG"},"image":{"@id":"https:\/\/www.vitaactiva.ch\/#\/schema\/logo\/image\/"}}]}},"_links":{"self":[{"href":"https:\/\/www.vitaactiva.ch\/fr\/wp-json\/wp\/v2\/pages\/844","targetHints":{"allow":["GET"]}}],"collection":[{"href":"https:\/\/www.vitaactiva.ch\/fr\/wp-json\/wp\/v2\/pages"}],"about":[{"href":"https:\/\/www.vitaactiva.ch\/fr\/wp-json\/wp\/v2\/types\/page"}],"author":[{"embeddable":true,"href":"https:\/\/www.vitaactiva.ch\/fr\/wp-json\/wp\/v2\/users\/1"}],"replies":[{"embeddable":true,"href":"https:\/\/www.vitaactiva.ch\/fr\/wp-json\/wp\/v2\/comments?post=844"}],"version-history":[{"count":15,"href":"https:\/\/www.vitaactiva.ch\/fr\/wp-json\/wp\/v2\/pages\/844\/revisions"}],"predecessor-version":[{"id":1730,"href":"https:\/\/www.vitaactiva.ch\/fr\/wp-json\/wp\/v2\/pages\/844\/revisions\/1730"}],"up":[{"embeddable":true,"href":"https:\/\/www.vitaactiva.ch\/fr\/wp-json\/wp\/v2\/pages\/839"}],"wp:attachment":[{"href":"https:\/\/www.vitaactiva.ch\/fr\/wp-json\/wp\/v2\/media?parent=844"}],"curies":[{"name":"wp","href":"https:\/\/api.w.org\/{rel}","templated":true}]}}