{"id":848,"date":"2018-12-17T14:42:39","date_gmt":"2018-12-17T13:42:39","guid":{"rendered":"http:\/\/www.vitaactiva.ch\/?page_id=848"},"modified":"2023-06-27T12:20:42","modified_gmt":"2023-06-27T10:20:42","slug":"granada","status":"publish","type":"page","link":"https:\/\/www.vitaactiva.ch\/fr\/baignoires-assises-avec-porte\/granada\/","title":{"rendered":"Baignoire \u00e0 porte lat\u00e9rale \u00ab\u00a0Granada 122\u00a0\u00bb"},"content":{"rendered":"<div id=\"cs-content\" class=\"cs-content\"><\/div>\n","protected":false},"excerpt":{"rendered":"<p>Baignoire \u00e0 porte lat\u00e9rale \u00ab\u00a0Granada\u00a0122\u00a0\u00bbSi\u00e8ge tr\u00e8s confortable et hauteur d\u2019entr\u00e9e tr\u00e8s bas Acc\u00e8s lat\u00e9ral, porte s&rsquo;ouvrant vers l&rsquo;exterieur Si\u00e8ge et sol antid\u00e9rapants Mati\u00e8re plastique renforc\u00e9e par des fibre de verre Fabrication avec technologie antimicrobienne Porte au choix \u00e0 droite ou \u00e0 gauche En option Robinetterie thermostatique Paroi de douche Chauffage de si\u00e8ge Bain \u00e0 remous avec buses de l&rsquo;air Chromotherapie &#8230; <a href=\"https:\/\/www.vitaactiva.ch\/fr\/baignoires-assises-avec-porte\/granada\/\" class=\"more-link\">Read More<\/a><\/p>\n","protected":false},"author":1,"featured_media":0,"parent":839,"menu_order":0,"comment_status":"closed","ping_status":"closed","template":"template-layout-full-width.php","meta":{"footnotes":""},"class_list":["post-848","page","type-page","status-publish","hentry","no-post-thumbnail"],"yoast_head":"<!-- This site is optimized with the Yoast SEO plugin v27.4 - https:\/\/yoast.com\/product\/yoast-seo-wordpress\/ -->\n<title>Baignoire \u00e0 porte lat\u00e9rale &quot;Granada 122&quot; - VitaActiva AG<\/title>\n<meta name=\"robots\" content=\"index, follow, max-snippet:-1, max-image-preview:large, max-video-preview:-1\" \/>\n<link rel=\"canonical\" href=\"https:\/\/www.vitaactiva.ch\/fr\/baignoires-assises-avec-porte\/granada\/\" \/>\n<meta property=\"og:locale\" content=\"fr_FR\" \/>\n<meta property=\"og:type\" content=\"article\" \/>\n<meta property=\"og:title\" content=\"Baignoire \u00e0 porte lat\u00e9rale &quot;Granada 122&quot; - VitaActiva AG\" \/>\n<meta property=\"og:description\" content=\"Baignoire \u00e0 porte lat\u00e9rale \u00ab\u00a0Granada\u00a0122\u00a0\u00bbSi\u00e8ge tr\u00e8s confortable et hauteur d\u2019entr\u00e9e tr\u00e8s bas Acc\u00e8s lat\u00e9ral, porte s&#039;ouvrant vers l&#039;exterieur Si\u00e8ge et sol antid\u00e9rapants Mati\u00e8re plastique renforc\u00e9e par des fibre de verre Fabrication avec technologie antimicrobienne Porte au choix \u00e0 droite ou \u00e0 gauche En option Robinetterie thermostatique Paroi de douche Chauffage de si\u00e8ge Bain \u00e0 remous avec buses de l&#039;air Chromotherapie ... Read More\" \/>\n<meta property=\"og:url\" content=\"https:\/\/www.vitaactiva.ch\/fr\/baignoires-assises-avec-porte\/granada\/\" \/>\n<meta property=\"og:site_name\" content=\"VitaActiva AG\" \/>\n<meta property=\"article:modified_time\" content=\"2023-06-27T10:20:42+00:00\" \/>\n<meta name=\"twitter:card\" content=\"summary_large_image\" \/>\n<meta name=\"twitter:label1\" content=\"Dur\u00e9e de lecture estim\u00e9e\" \/>\n\t<meta name=\"twitter:data1\" content=\"2 minutes\" \/>\n<script type=\"application\/ld+json\" class=\"yoast-schema-graph\">{\"@context\":\"https:\\\/\\\/schema.org\",\"@graph\":[{\"@type\":\"WebPage\",\"@id\":\"https:\\\/\\\/www.vitaactiva.ch\\\/fr\\\/baignoires-assises-avec-porte\\\/granada\\\/\",\"url\":\"https:\\\/\\\/www.vitaactiva.ch\\\/fr\\\/baignoires-assises-avec-porte\\\/granada\\\/\",\"name\":\"Baignoire \u00e0 porte lat\u00e9rale \\\"Granada 122\\\" - VitaActiva AG\",\"isPartOf\":{\"@id\":\"https:\\\/\\\/www.vitaactiva.ch\\\/#website\"},\"datePublished\":\"2018-12-17T13:42:39+00:00\",\"dateModified\":\"2023-06-27T10:20:42+00:00\",\"breadcrumb\":{\"@id\":\"https:\\\/\\\/www.vitaactiva.ch\\\/fr\\\/baignoires-assises-avec-porte\\\/granada\\\/#breadcrumb\"},\"inLanguage\":\"fr-FR\",\"potentialAction\":[{\"@type\":\"ReadAction\",\"target\":[\"https:\\\/\\\/www.vitaactiva.ch\\\/fr\\\/baignoires-assises-avec-porte\\\/granada\\\/\"]}]},{\"@type\":\"BreadcrumbList\",\"@id\":\"https:\\\/\\\/www.vitaactiva.ch\\\/fr\\\/baignoires-assises-avec-porte\\\/granada\\\/#breadcrumb\",\"itemListElement\":[{\"@type\":\"ListItem\",\"position\":1,\"name\":\"Home\",\"item\":\"https:\\\/\\\/www.vitaactiva.ch\\\/fr\\\/home\\\/\"},{\"@type\":\"ListItem\",\"position\":2,\"name\":\"Baignoires assises avec porte\",\"item\":\"https:\\\/\\\/www.vitaactiva.ch\\\/fr\\\/baignoires-assises-avec-porte\\\/\"},{\"@type\":\"ListItem\",\"position\":3,\"name\":\"Baignoire \u00e0 porte lat\u00e9rale &#8222;Granada 122&#8220;\"}]},{\"@type\":\"WebSite\",\"@id\":\"https:\\\/\\\/www.vitaactiva.ch\\\/#website\",\"url\":\"https:\\\/\\\/www.vitaactiva.ch\\\/\",\"name\":\"VitaActiva AG\",\"description\":\"Hersteller von Sitzbadewannen mit T\u00fcr\",\"publisher\":{\"@id\":\"https:\\\/\\\/www.vitaactiva.ch\\\/#organization\"},\"potentialAction\":[{\"@type\":\"SearchAction\",\"target\":{\"@type\":\"EntryPoint\",\"urlTemplate\":\"https:\\\/\\\/www.vitaactiva.ch\\\/?s={search_term_string}\"},\"query-input\":{\"@type\":\"PropertyValueSpecification\",\"valueRequired\":true,\"valueName\":\"search_term_string\"}}],\"inLanguage\":\"fr-FR\"},{\"@type\":\"Organization\",\"@id\":\"https:\\\/\\\/www.vitaactiva.ch\\\/#organization\",\"name\":\"VitaActiva AG\",\"url\":\"https:\\\/\\\/www.vitaactiva.ch\\\/\",\"logo\":{\"@type\":\"ImageObject\",\"inLanguage\":\"fr-FR\",\"@id\":\"https:\\\/\\\/www.vitaactiva.ch\\\/#\\\/schema\\\/logo\\\/image\\\/\",\"url\":\"https:\\\/\\\/www.vitaactiva.ch\\\/wp-content\\\/uploads\\\/vitaactiva-logo.png\",\"contentUrl\":\"https:\\\/\\\/www.vitaactiva.ch\\\/wp-content\\\/uploads\\\/vitaactiva-logo.png\",\"width\":160,\"height\":100,\"caption\":\"VitaActiva AG\"},\"image\":{\"@id\":\"https:\\\/\\\/www.vitaactiva.ch\\\/#\\\/schema\\\/logo\\\/image\\\/\"}}]}<\/script>\n<!-- \/ Yoast SEO plugin. -->","yoast_head_json":{"title":"Baignoire \u00e0 porte lat\u00e9rale \"Granada 122\" - VitaActiva AG","robots":{"index":"index","follow":"follow","max-snippet":"max-snippet:-1","max-image-preview":"max-image-preview:large","max-video-preview":"max-video-preview:-1"},"canonical":"https:\/\/www.vitaactiva.ch\/fr\/baignoires-assises-avec-porte\/granada\/","og_locale":"fr_FR","og_type":"article","og_title":"Baignoire \u00e0 porte lat\u00e9rale \"Granada 122\" - VitaActiva AG","og_description":"Baignoire \u00e0 porte lat\u00e9rale \u00ab\u00a0Granada\u00a0122\u00a0\u00bbSi\u00e8ge tr\u00e8s confortable et hauteur d\u2019entr\u00e9e tr\u00e8s bas Acc\u00e8s lat\u00e9ral, porte s'ouvrant vers l'exterieur Si\u00e8ge et sol antid\u00e9rapants Mati\u00e8re plastique renforc\u00e9e par des fibre de verre Fabrication avec technologie antimicrobienne Porte au choix \u00e0 droite ou \u00e0 gauche En option Robinetterie thermostatique Paroi de douche Chauffage de si\u00e8ge Bain \u00e0 remous avec buses de l'air Chromotherapie ... Read More","og_url":"https:\/\/www.vitaactiva.ch\/fr\/baignoires-assises-avec-porte\/granada\/","og_site_name":"VitaActiva AG","article_modified_time":"2023-06-27T10:20:42+00:00","twitter_card":"summary_large_image","twitter_misc":{"Dur\u00e9e de lecture estim\u00e9e":"2 minutes"},"schema":{"@context":"https:\/\/schema.org","@graph":[{"@type":"WebPage","@id":"https:\/\/www.vitaactiva.ch\/fr\/baignoires-assises-avec-porte\/granada\/","url":"https:\/\/www.vitaactiva.ch\/fr\/baignoires-assises-avec-porte\/granada\/","name":"Baignoire \u00e0 porte lat\u00e9rale \"Granada 122\" - VitaActiva AG","isPartOf":{"@id":"https:\/\/www.vitaactiva.ch\/#website"},"datePublished":"2018-12-17T13:42:39+00:00","dateModified":"2023-06-27T10:20:42+00:00","breadcrumb":{"@id":"https:\/\/www.vitaactiva.ch\/fr\/baignoires-assises-avec-porte\/granada\/#breadcrumb"},"inLanguage":"fr-FR","potentialAction":[{"@type":"ReadAction","target":["https:\/\/www.vitaactiva.ch\/fr\/baignoires-assises-avec-porte\/granada\/"]}]},{"@type":"BreadcrumbList","@id":"https:\/\/www.vitaactiva.ch\/fr\/baignoires-assises-avec-porte\/granada\/#breadcrumb","itemListElement":[{"@type":"ListItem","position":1,"name":"Home","item":"https:\/\/www.vitaactiva.ch\/fr\/home\/"},{"@type":"ListItem","position":2,"name":"Baignoires assises avec porte","item":"https:\/\/www.vitaactiva.ch\/fr\/baignoires-assises-avec-porte\/"},{"@type":"ListItem","position":3,"name":"Baignoire \u00e0 porte lat\u00e9rale &#8222;Granada 122&#8220;"}]},{"@type":"WebSite","@id":"https:\/\/www.vitaactiva.ch\/#website","url":"https:\/\/www.vitaactiva.ch\/","name":"VitaActiva AG","description":"Hersteller von Sitzbadewannen mit T\u00fcr","publisher":{"@id":"https:\/\/www.vitaactiva.ch\/#organization"},"potentialAction":[{"@type":"SearchAction","target":{"@type":"EntryPoint","urlTemplate":"https:\/\/www.vitaactiva.ch\/?s={search_term_string}"},"query-input":{"@type":"PropertyValueSpecification","valueRequired":true,"valueName":"search_term_string"}}],"inLanguage":"fr-FR"},{"@type":"Organization","@id":"https:\/\/www.vitaactiva.ch\/#organization","name":"VitaActiva AG","url":"https:\/\/www.vitaactiva.ch\/","logo":{"@type":"ImageObject","inLanguage":"fr-FR","@id":"https:\/\/www.vitaactiva.ch\/#\/schema\/logo\/image\/","url":"https:\/\/www.vitaactiva.ch\/wp-content\/uploads\/vitaactiva-logo.png","contentUrl":"https:\/\/www.vitaactiva.ch\/wp-content\/uploads\/vitaactiva-logo.png","width":160,"height":100,"caption":"VitaActiva AG"},"image":{"@id":"https:\/\/www.vitaactiva.ch\/#\/schema\/logo\/image\/"}}]}},"_links":{"self":[{"href":"https:\/\/www.vitaactiva.ch\/fr\/wp-json\/wp\/v2\/pages\/848","targetHints":{"allow":["GET"]}}],"collection":[{"href":"https:\/\/www.vitaactiva.ch\/fr\/wp-json\/wp\/v2\/pages"}],"about":[{"href":"https:\/\/www.vitaactiva.ch\/fr\/wp-json\/wp\/v2\/types\/page"}],"author":[{"embeddable":true,"href":"https:\/\/www.vitaactiva.ch\/fr\/wp-json\/wp\/v2\/users\/1"}],"replies":[{"embeddable":true,"href":"https:\/\/www.vitaactiva.ch\/fr\/wp-json\/wp\/v2\/comments?post=848"}],"version-history":[{"count":10,"href":"https:\/\/www.vitaactiva.ch\/fr\/wp-json\/wp\/v2\/pages\/848\/revisions"}],"predecessor-version":[{"id":1726,"href":"https:\/\/www.vitaactiva.ch\/fr\/wp-json\/wp\/v2\/pages\/848\/revisions\/1726"}],"up":[{"embeddable":true,"href":"https:\/\/www.vitaactiva.ch\/fr\/wp-json\/wp\/v2\/pages\/839"}],"wp:attachment":[{"href":"https:\/\/www.vitaactiva.ch\/fr\/wp-json\/wp\/v2\/media?parent=848"}],"curies":[{"name":"wp","href":"https:\/\/api.w.org\/{rel}","templated":true}]}}